{"id":2,"date":"2026-02-15T20:13:18","date_gmt":"2026-02-15T19:13:18","guid":{"rendered":"https:\/\/doll-engineering.de\/WordPress\/?page_id=2"},"modified":"2026-02-15T20:13:18","modified_gmt":"2026-02-15T19:13:18","slug":"sample-page","status":"publish","type":"page","link":"https:\/\/doll-engineering.de\/","title":{"rendered":"Willkommen bei Doll-Engineering"},"content":{"rendered":"\n<p><\/p>\n\n\n\n<div class=\"wp-block-columns is-layout-flex wp-container-core-columns-is-layout-9d6595d7 wp-block-columns-is-layout-flex\">\n<div class=\"wp-block-column is-layout-flow wp-block-column-is-layout-flow\" style=\"flex-basis:100%\"><\/div>\n<\/div>\n\n\n\n<figure class=\"wp-block-table aligncenter is-style-stripes\"><table><tbody><tr><td>Ihrem kompetenten Partner im Maschinenbau<br>Mit langj\u00e4hriger Branchenerfahrung unterst\u00fctze ich Ihr Unternehmen bei der Bearbeitung von Projekten im Sondermaschinenbau und in der Produktentwicklung. Dies reicht von der Machbarkeitsstudie \u00fcber die Konstruktion bis zur Dokumentation.<br>In enger Zusammenarbeit mit Ihnen erarbeite ich mit Engagement und Know-how kundenspezifische L\u00f6sungen.<br>Zum Einsatz kommen dabei die branchen\u00fcblichen CAD-Systeme SolidWorks, Solid Edge und Inventor.<br>Auch wenn Sie Engp\u00e4sse in der Projektleitung oder einen krankheitsbedingten Ausfall haben, k\u00f6nnen Sie auf meine 25j\u00e4hrige Projekterfahrung zur\u00fcckgreifen.<br>Meine T\u00e4tigkeitsschwerpunkte liegen in der Montageautomation, dem Betriebsmittel- und Vorrichtungsbau, sowie der Spritzgu\u00dfartikelkonstruktion.<br>Seit 2015 besch\u00e4ftige ich mich auch mit der Erstellung von \u00d6ko-Bilanzen mittels der Software &#8222;GaBi&#8220;.<br>Von meinem Firmensitz in Ansbach, oder regional bei Ihnen vor Ort, begleite ich Sie bei der erfolgreichen Umsetzung Ihrer Projekte.<\/td><td><img loading=\"lazy\" decoding=\"async\" width=\"800\" height=\"648\" class=\"wp-image-66\" style=\"width: 800px;\" src=\"https:\/\/doll-engineering.de\/WordPress\/wp-content\/uploads\/2021\/03\/Fotolia_12730836_S.jpg\" alt=\"\" srcset=\"https:\/\/doll-engineering.de\/WordPress\/wp-content\/uploads\/2021\/03\/Fotolia_12730836_S.jpg 770w, https:\/\/doll-engineering.de\/WordPress\/wp-content\/uploads\/2021\/03\/Fotolia_12730836_S-300x243.jpg 300w, https:\/\/doll-engineering.de\/WordPress\/wp-content\/uploads\/2021\/03\/Fotolia_12730836_S-768x622.jpg 768w\" sizes=\"auto, (max-width: 800px) 100vw, 800px\" \/><\/td><\/tr><\/tbody><\/table><\/figure>\n","protected":false},"excerpt":{"rendered":"<p>Ihrem kompetenten Partner im MaschinenbauMit langj\u00e4hriger Branchenerfahrung unterst\u00fctze ich Ihr Unternehmen bei der Bearbeitung von Projekten im Sondermaschinenbau und in der Produktentwicklung. Dies reicht von der Machbarkeitsstudie \u00fcber die Konstruktion bis zur Dokumentation.In enger Zusammenarbeit mit Ihnen erarbeite ich mit Engagement und Know-how kundenspezifische L\u00f6sungen.Zum Einsatz kommen dabei die branchen\u00fcblichen CAD-Systeme SolidWorks, Solid Edge und [&hellip;]<\/p>\n","protected":false},"author":1,"featured_media":0,"parent":0,"menu_order":0,"comment_status":"closed","ping_status":"closed","template":"","meta":{"ocean_post_layout":"","ocean_both_sidebars_style":"","ocean_both_sidebars_content_width":0,"ocean_both_sidebars_sidebars_width":0,"ocean_sidebar":"0","ocean_second_sidebar":"0","ocean_disable_margins":"enable","ocean_add_body_class":"","ocean_shortcode_before_top_bar":"","ocean_shortcode_after_top_bar":"","ocean_shortcode_before_header":"","ocean_shortcode_after_header":"","ocean_has_shortcode":"","ocean_shortcode_after_title":"","ocean_shortcode_before_footer_widgets":"","ocean_shortcode_after_footer_widgets":"","ocean_shortcode_before_footer_bottom":"","ocean_shortcode_after_footer_bottom":"","ocean_display_top_bar":"default","ocean_display_header":"default","ocean_header_style":"","ocean_center_header_left_menu":"0","ocean_custom_header_template":"0","ocean_custom_logo":0,"ocean_custom_retina_logo":0,"ocean_custom_logo_max_width":0,"ocean_custom_logo_tablet_max_width":0,"ocean_custom_logo_mobile_max_width":0,"ocean_custom_logo_max_height":0,"ocean_custom_logo_tablet_max_height":0,"ocean_custom_logo_mobile_max_height":0,"ocean_header_custom_menu":"0","ocean_menu_typo_font_family":"0","ocean_menu_typo_font_subset":"","ocean_menu_typo_font_size":0,"ocean_menu_typo_font_size_tablet":0,"ocean_menu_typo_font_size_mobile":0,"ocean_menu_typo_font_size_unit":"px","ocean_menu_typo_font_weight":"","ocean_menu_typo_font_weight_tablet":"","ocean_menu_typo_font_weight_mobile":"","ocean_menu_typo_transform":"","ocean_menu_typo_transform_tablet":"","ocean_menu_typo_transform_mobile":"","ocean_menu_typo_line_height":0,"ocean_menu_typo_line_height_tablet":0,"ocean_menu_typo_line_height_mobile":0,"ocean_menu_typo_line_height_unit":"","ocean_menu_typo_spacing":0,"ocean_menu_typo_spacing_tablet":0,"ocean_menu_typo_spacing_mobile":0,"ocean_menu_typo_spacing_unit":"","ocean_menu_link_color":"","ocean_menu_link_color_hover":"","ocean_menu_link_color_active":"","ocean_menu_link_background":"","ocean_menu_link_hover_background":"","ocean_menu_link_active_background":"","ocean_menu_social_links_bg":"","ocean_menu_social_hover_links_bg":"","ocean_menu_social_links_color":"","ocean_menu_social_hover_links_color":"","ocean_disable_title":"default","ocean_disable_heading":"default","ocean_post_title":"","ocean_post_subheading":"","ocean_post_title_style":"","ocean_post_title_background_color":"","ocean_post_title_background":0,"ocean_post_title_bg_image_position":"","ocean_post_title_bg_image_attachment":"","ocean_post_title_bg_image_repeat":"","ocean_post_title_bg_image_size":"","ocean_post_title_height":0,"ocean_post_title_bg_overlay":0.5,"ocean_post_title_bg_overlay_color":"","ocean_disable_breadcrumbs":"default","ocean_breadcrumbs_color":"","ocean_breadcrumbs_separator_color":"","ocean_breadcrumbs_links_color":"","ocean_breadcrumbs_links_hover_color":"","ocean_display_footer_widgets":"default","ocean_display_footer_bottom":"default","ocean_custom_footer_template":"0","footnotes":""},"class_list":["post-2","page","type-page","status-publish","hentry","entry"],"_links":{"self":[{"href":"https:\/\/doll-engineering.de\/index.php?rest_route=\/wp\/v2\/pages\/2","targetHints":{"allow":["GET"]}}],"collection":[{"href":"https:\/\/doll-engineering.de\/index.php?rest_route=\/wp\/v2\/pages"}],"about":[{"href":"https:\/\/doll-engineering.de\/index.php?rest_route=\/wp\/v2\/types\/page"}],"author":[{"embeddable":true,"href":"https:\/\/doll-engineering.de\/index.php?rest_route=\/wp\/v2\/users\/1"}],"replies":[{"embeddable":true,"href":"https:\/\/doll-engineering.de\/index.php?rest_route=%2Fwp%2Fv2%2Fcomments&post=2"}],"version-history":[{"count":14,"href":"https:\/\/doll-engineering.de\/index.php?rest_route=\/wp\/v2\/pages\/2\/revisions"}],"predecessor-version":[{"id":225,"href":"https:\/\/doll-engineering.de\/index.php?rest_route=\/wp\/v2\/pages\/2\/revisions\/225"}],"wp:attachment":[{"href":"https:\/\/doll-engineering.de\/index.php?rest_route=%2Fwp%2Fv2%2Fmedia&parent=2"}],"curies":[{"name":"wp","href":"https:\/\/api.w.org\/{rel}","templated":true}]}}