{"id":139,"date":"2021-03-09T15:05:01","date_gmt":"2021-03-09T14:05:01","guid":{"rendered":"https:\/\/doll-engineering.de\/WordPress\/?page_id=139"},"modified":"2021-03-17T10:28:20","modified_gmt":"2021-03-17T09:28:20","slug":"referenzen","status":"publish","type":"page","link":"https:\/\/doll-engineering.de\/?page_id=139","title":{"rendered":"Referenzen"},"content":{"rendered":"\n<p style=\"font-size:18px\"><strong>Auszug aus der Liste bearbeiteter und geleiteter Projekte in chronologischer Reihenfolge<\/strong><\/p>\n\n\n\n<p>Konstruktion von ca. 200 Zuf\u00fchrungen und Vereinzelungen in den Bereichen Spritzgusstechnik, Sensorfertigung, Karosserierohbau, Motoren- und Getriebemontage, Consumer und Pharma<br>Eingesetzte CAD-Systeme: SolidWorks, Inventor, SolidEdge<\/p>\n\n\n\n<p>Konstruktion einer Klimatisierung f\u00fcr die Hochlastanwendung von Li-Ionen-Akkus im Nutzfahrzeug<br>Eingesetzte CAD-Systeme: SolidWorks, CATIA V5<\/p>\n\n\n\n<p>Erstellen von vergleichenden \u00d6k\u00f6bilanzen f\u00fcr unterschiedlich Pkw-Energiespeicher<br>Erstellen einer \u00d6kobilanz f\u00fcr Kunststoffextruder<br>Software: GaBi 8.0 von Thinkstep<\/p>\n\n\n\n<p>Konstruktion einer Verschraubstation f\u00fcr Gastro Kaffeebeh\u00e4lter mit F\u00f6rderstrecke, Deckelmagazin und Vereinzelung<br>Eingesetztes CAD-System: Inventor<\/p>\n\n\n\n<p>Konstruktion einer Reinigungszelle f\u00fcr Zylinderk\u00f6pfe<br>Eingesetztes CAD-System: SolidWorks<\/p>\n\n\n\n<p>Konstruktion einer Laserbeschriftungsanlage f\u00fcr Getriebeteile<br>Eingesetztes CAD-System: Inventor<\/p>\n\n\n\n<p>Teilprojektleitung und Konstruktion von Montagezellen f\u00fcr Lkw-Anh\u00e4ngernaben<br>Eingesetztes CAD-System: SolidWorks<\/p>\n\n\n\n<p>Optimierung von Fertigungsanlagen f\u00fcr AGR-Ventile und Thermostate, Wahler, bzw. Borg-Warner<br>Einsatz ein halbes Jahr vor Ort<\/p>\n\n\n\n<p>Umbau einer Montagelinie f\u00fcr Einspritzleitungen, Scania<br>Eingesetztes CAD-System: SolidWorks<\/p>\n\n\n\n<p>Projektleitung und Konstruktion einer Montagelinie f\u00fcr E-Antrieb Pkw, VW<br>Eingesetztes CAD-System: SolidWorks<\/p>\n\n\n\n<p>Projektleitung und Konstruktion einer Montagelinie f\u00fcr AGR-Ventile, Wahler<br>Eingesetztes CAD-System: SolidWorks<\/p>\n\n\n\n<p>Konstruktion von Stufenhubf\u00f6rderern als Zuf\u00fchrungen f\u00fcr Rohrbiegemaschinen und andere Werkzeugmaschinen<br>Eingesetztes CAD-System: SolidWorks<\/p>\n\n\n\n<p>Konstruktion Montagestationen Dieseleinspritzkomponenten, Bosch<br>Eingesetztes CAD-System: SolidWorks<\/p>\n\n\n\n<p>Projektleitung und Konstruktion von Pr\u00fcfvorrichtungen f\u00fcr Rohrleitungen<br>Eingesetztes CAD-System: SolidWorks<\/p>\n\n\n\n<p>Projektleitung Neuentwicklung Fahrwerk f\u00fcr Regalbedienger\u00e4t<br>Eingesetztes CAD-System: SolidWorks<\/p>\n\n\n\n<p>Entwicklung und Konstruktion von Montagestationen f\u00fcr Einspritzd\u00fcsen, Bosch<br>Eingesetztes CAD-System: SolidWorks<\/p>\n\n\n\n<p>Projektleitung und Konstruktion Fertigungsmittel Airbus<br>Eingesetzte CAD-Systeme: SolidWorks, CATIA V5, CADDAM<\/p>\n\n\n\n<p>Konstruktion Schwei\u00dfwerkzeuge Mercedes W212<br>Eingesetztes CAD-System: CATIA V5<\/p>\n\n\n\n<p>Planung, Entwicklung, Teilprojektleitung und Konstruktion Montagelinie Doppelkupplungsgetriebe Porsche<br>Eingesetztes CAD-System: SolidWorks<\/p>\n\n\n\n<p>Projektleitung und Konstruktion Karosseriegeh\u00e4nge Mercedes W204\/W212<br>Eingesetztes CAD-System: CATIA V5<\/p>\n\n\n\n<p>Projektleitung und Konstruktion Montagestationen, Airbus<br>Eingesetztes CAD-System: CATIA V5<\/p>\n\n\n\n<p>Projektleitung und Konstruktion Karosseriegeh\u00e4nge und Lehren f\u00fcr Peugeot 207, PSA Mulhouse<br>Eingesetztes CAD-System: CATIA V5<\/p>\n\n\n\n<p>Konstruktion Lamellenhandling f\u00fcr K\u00fchlermontage<br>Eingesetztes CAD-System: SolidWorks<\/p>\n\n\n\n<p>Konstruktion Dichtpr\u00fcfvorrichtung Abgasrohre<br>Eingesetztes CAD-System: SolidWorks<\/p>\n\n\n\n<p>\u00c4nderungen an Gurtf\u00f6rderer W204<br>Eingesetztes CAD-System: CATIA V5<\/p>\n\n\n\n<p>Konstruktion Materialzuf\u00fchrung Verst\u00e4rkungsblech f\u00fcr Mercedes W169<br>Eingesetztes CAD-System: CATIA V4<\/p>\n\n\n\n<p>Entwicklung und Konstruktion Konsole f\u00fcr Zigarrenanz\u00fcnder f\u00fcr Jaguar<br>Eingesetztes CAD-System: CATIA V4<\/p>\n\n\n\n<p>Konstruktion Werkst\u00fccktr\u00e4ger Vorderachsk\u00f6rper f\u00fcr MB Sprinter<br>Eingesetztes CAD-System: CATIA V4<\/p>\n\n\n\n<p>Konstruktion Werkst\u00fccktr\u00e4ger Kotfl\u00fcgel und Verst\u00e4rkung f\u00fcr Mercedes W203<br>Eingesetztes CAD-System: CATIA V4<\/p>\n\n\n\n<p>Entwicklung und Konstruktion Leuchtweitenregler, Dimmer, Schiebedachschalter f\u00fcr Porsche Cayenne<br>Eingesetztes CAD-System: CATIA V4<\/p>\n\n\n\n<p>Entwicklung und Konstruktion Schalter und Blenden f\u00fcr VW New Beetle Cabrio<br>Eingesetztes CAD-System: CATIA V4<\/p>\n\n\n\n<p>Projektleitung und Konstruktion F\u00f6rdertechnik, GM Russland \/ Eisenmann<br>Eingesetztes CAD-System: SolidWorks<\/p>\n\n\n\n<p>Entwicklung und Konstruktion Klappgeh\u00e4nge, VW China \/ Eisenmann<br>Eingesetztes CAD-System: SolidWorks<\/p>\n\n\n\n<p>Entwicklung und Konstruktion Fertigungsmittel f\u00fcr Fl\u00fcgelvorderkante Airbus A380<br>Eingesetztes CAD-System: CATIA V4<\/p>\n","protected":false},"excerpt":{"rendered":"<p>Auszug aus der Liste bearbeiteter und geleiteter Projekte in chronologischer Reihenfolge Konstruktion von ca. 200 Zuf\u00fchrungen und Vereinzelungen in den Bereichen Spritzgusstechnik, Sensorfertigung, Karosserierohbau, Motoren- und Getriebemontage, Consumer und PharmaEingesetzte CAD-Systeme: SolidWorks, Inventor, SolidEdge Konstruktion einer Klimatisierung f\u00fcr die Hochlastanwendung von Li-Ionen-Akkus im NutzfahrzeugEingesetzte CAD-Systeme: SolidWorks, CATIA V5 Erstellen von vergleichenden \u00d6k\u00f6bilanzen f\u00fcr unterschiedlich Pkw-EnergiespeicherErstellen [&hellip;]<\/p>\n","protected":false},"author":1,"featured_media":0,"parent":0,"menu_order":0,"comment_status":"closed","ping_status":"closed","template":"","meta":{"ocean_post_layout":"","ocean_both_sidebars_style":"","ocean_both_sidebars_content_width":0,"ocean_both_sidebars_sidebars_width":0,"ocean_sidebar":"0","ocean_second_sidebar":"0","ocean_disable_margins":"enable","ocean_add_body_class":"","ocean_shortcode_before_top_bar":"","ocean_shortcode_after_top_bar":"","ocean_shortcode_before_header":"","ocean_shortcode_after_header":"","ocean_has_shortcode":"","ocean_shortcode_after_title":"","ocean_shortcode_before_footer_widgets":"","ocean_shortcode_after_footer_widgets":"","ocean_shortcode_before_footer_bottom":"","ocean_shortcode_after_footer_bottom":"","ocean_display_top_bar":"default","ocean_display_header":"default","ocean_header_style":"","ocean_center_header_left_menu":"0","ocean_custom_header_template":"0","ocean_custom_logo":0,"ocean_custom_retina_logo":0,"ocean_custom_logo_max_width":0,"ocean_custom_logo_tablet_max_width":0,"ocean_custom_logo_mobile_max_width":0,"ocean_custom_logo_max_height":0,"ocean_custom_logo_tablet_max_height":0,"ocean_custom_logo_mobile_max_height":0,"ocean_header_custom_menu":"0","ocean_menu_typo_font_family":"0","ocean_menu_typo_font_subset":"","ocean_menu_typo_font_size":0,"ocean_menu_typo_font_size_tablet":0,"ocean_menu_typo_font_size_mobile":0,"ocean_menu_typo_font_size_unit":"px","ocean_menu_typo_font_weight":"","ocean_menu_typo_font_weight_tablet":"","ocean_menu_typo_font_weight_mobile":"","ocean_menu_typo_transform":"","ocean_menu_typo_transform_tablet":"","ocean_menu_typo_transform_mobile":"","ocean_menu_typo_line_height":0,"ocean_menu_typo_line_height_tablet":0,"ocean_menu_typo_line_height_mobile":0,"ocean_menu_typo_line_height_unit":"","ocean_menu_typo_spacing":0,"ocean_menu_typo_spacing_tablet":0,"ocean_menu_typo_spacing_mobile":0,"ocean_menu_typo_spacing_unit":"","ocean_menu_link_color":"","ocean_menu_link_color_hover":"","ocean_menu_link_color_active":"","ocean_menu_link_background":"","ocean_menu_link_hover_background":"","ocean_menu_link_active_background":"","ocean_menu_social_links_bg":"","ocean_menu_social_hover_links_bg":"","ocean_menu_social_links_color":"","ocean_menu_social_hover_links_color":"","ocean_disable_title":"default","ocean_disable_heading":"default","ocean_post_title":"","ocean_post_subheading":"","ocean_post_title_style":"","ocean_post_title_background_color":"","ocean_post_title_background":0,"ocean_post_title_bg_image_position":"","ocean_post_title_bg_image_attachment":"","ocean_post_title_bg_image_repeat":"","ocean_post_title_bg_image_size":"","ocean_post_title_height":0,"ocean_post_title_bg_overlay":0.5,"ocean_post_title_bg_overlay_color":"","ocean_disable_breadcrumbs":"default","ocean_breadcrumbs_color":"","ocean_breadcrumbs_separator_color":"","ocean_breadcrumbs_links_color":"","ocean_breadcrumbs_links_hover_color":"","ocean_display_footer_widgets":"default","ocean_display_footer_bottom":"default","ocean_custom_footer_template":"0","footnotes":""},"class_list":["post-139","page","type-page","status-publish","hentry","entry"],"_links":{"self":[{"href":"https:\/\/doll-engineering.de\/index.php?rest_route=\/wp\/v2\/pages\/139","targetHints":{"allow":["GET"]}}],"collection":[{"href":"https:\/\/doll-engineering.de\/index.php?rest_route=\/wp\/v2\/pages"}],"about":[{"href":"https:\/\/doll-engineering.de\/index.php?rest_route=\/wp\/v2\/types\/page"}],"author":[{"embeddable":true,"href":"https:\/\/doll-engineering.de\/index.php?rest_route=\/wp\/v2\/users\/1"}],"replies":[{"embeddable":true,"href":"https:\/\/doll-engineering.de\/index.php?rest_route=%2Fwp%2Fv2%2Fcomments&post=139"}],"version-history":[{"count":3,"href":"https:\/\/doll-engineering.de\/index.php?rest_route=\/wp\/v2\/pages\/139\/revisions"}],"predecessor-version":[{"id":223,"href":"https:\/\/doll-engineering.de\/index.php?rest_route=\/wp\/v2\/pages\/139\/revisions\/223"}],"wp:attachment":[{"href":"https:\/\/doll-engineering.de\/index.php?rest_route=%2Fwp%2Fv2%2Fmedia&parent=139"}],"curies":[{"name":"wp","href":"https:\/\/api.w.org\/{rel}","templated":true}]}}