{"id":102,"date":"2021-03-09T10:05:14","date_gmt":"2021-03-09T10:05:14","guid":{"rendered":"https:\/\/doll-engineering.de\/WordPress\/?page_id=102"},"modified":"2021-03-09T14:40:02","modified_gmt":"2021-03-09T13:40:02","slug":"leistungsuebersicht","status":"publish","type":"page","link":"https:\/\/doll-engineering.de\/?page_id=102","title":{"rendered":"Leistungs\u00fcbersicht"},"content":{"rendered":"\n<div class=\"wp-block-columns is-layout-flex wp-container-core-columns-is-layout-9d6595d7 wp-block-columns-is-layout-flex\">\n<div class=\"wp-block-column is-layout-flow wp-block-column-is-layout-flow\">\n<h3 class=\"wp-block-heading\">Konstruktion<\/h3>\n\n\n\n<p>Entwurfskonstruktion<br>Detailkonstruktion<br>Fertigungsgerechte Zeichnungserstellung<br>Konvertierung bestehender 2D Daten in 3D<br>Datenkonvertierungen von neutral nach nativ<\/p>\n<\/div>\n\n\n\n<div class=\"wp-block-column is-layout-flow wp-block-column-is-layout-flow\">\n<h3 class=\"wp-block-heading\">Projektierung<\/h3>\n\n\n\n<p>Projektleitung<br>Koordination von Konstruktionsteams<br>Schnittstelle Kunde &#8211; Konstruktion<br>Make-or-buy-Entscheidungen<br>Lieferantenauswahl<br>Unterst\u00fctzung bei Beschaffung und Inbetriebnahme<\/p>\n<\/div>\n\n\n\n<div class=\"wp-block-column is-layout-flow wp-block-column-is-layout-flow\">\n<h3 class=\"wp-block-heading\">\u00d6ko-Bilanzierung<\/h3>\n\n\n\n<p>Erstellung von \u00d6ko-Bilanzen<br>Data-Mining<br>Schulung der &#8222;GaBi&#8220;-Software<br><\/p>\n<\/div>\n<\/div>\n\n\n\n<div class=\"wp-block-columns is-layout-flex wp-container-core-columns-is-layout-9d6595d7 wp-block-columns-is-layout-flex\">\n<div class=\"wp-block-column is-layout-flow wp-block-column-is-layout-flow\">\n<h3 class=\"wp-block-heading\">Programmierung<\/h3>\n\n\n\n<p>Programmierung von Kleinsteuerungen f\u00fcr Automaten und Anlagen<\/p>\n<\/div>\n\n\n\n<div class=\"wp-block-column is-layout-flow wp-block-column-is-layout-flow\">\n<h2 class=\"wp-block-heading\">Dokumentation<\/h2>\n\n\n\n<p>St\u00fccklisten<br>Ersatz- und Verschlei\u00dfteilelisten<br>E\/A-Listen<br>Pneumatikpl\u00e4ne<br>Ablaufbeschreibungen<\/p>\n<\/div>\n\n\n\n<div class=\"wp-block-column is-layout-flow wp-block-column-is-layout-flow\">\n<h2 class=\"wp-block-heading\">Tools<\/h2>\n\n\n\n<p>Autodesk Inventor<br>SolidWorks<br>SolidEdge<br>Festo FluidDraw<br>Siemens LOGO!<br>Sphera GaBi<br>Microsoft Project<\/p>\n<\/div>\n<\/div>\n","protected":false},"excerpt":{"rendered":"<p>Konstruktion EntwurfskonstruktionDetailkonstruktionFertigungsgerechte ZeichnungserstellungKonvertierung bestehender 2D Daten in 3DDatenkonvertierungen von neutral nach nativ Projektierung ProjektleitungKoordination von KonstruktionsteamsSchnittstelle Kunde &#8211; KonstruktionMake-or-buy-EntscheidungenLieferantenauswahlUnterst\u00fctzung bei Beschaffung und Inbetriebnahme \u00d6ko-Bilanzierung Erstellung von \u00d6ko-BilanzenData-MiningSchulung der &#8222;GaBi&#8220;-Software Programmierung Programmierung von Kleinsteuerungen f\u00fcr Automaten und Anlagen Dokumentation St\u00fccklistenErsatz- und Verschlei\u00dfteilelistenE\/A-ListenPneumatikpl\u00e4neAblaufbeschreibungen Tools Autodesk InventorSolidWorksSolidEdgeFesto FluidDrawSiemens LOGO!Sphera GaBiMicrosoft Project<\/p>\n","protected":false},"author":1,"featured_media":0,"parent":0,"menu_order":0,"comment_status":"closed","ping_status":"closed","template":"","meta":{"ocean_post_layout":"","ocean_both_sidebars_style":"","ocean_both_sidebars_content_width":0,"ocean_both_sidebars_sidebars_width":0,"ocean_sidebar":"0","ocean_second_sidebar":"0","ocean_disable_margins":"enable","ocean_add_body_class":"","ocean_shortcode_before_top_bar":"","ocean_shortcode_after_top_bar":"","ocean_shortcode_before_header":"","ocean_shortcode_after_header":"","ocean_has_shortcode":"","ocean_shortcode_after_title":"","ocean_shortcode_before_footer_widgets":"","ocean_shortcode_after_footer_widgets":"","ocean_shortcode_before_footer_bottom":"","ocean_shortcode_after_footer_bottom":"","ocean_display_top_bar":"default","ocean_display_header":"default","ocean_header_style":"","ocean_center_header_left_menu":"0","ocean_custom_header_template":"0","ocean_custom_logo":0,"ocean_custom_retina_logo":0,"ocean_custom_logo_max_width":0,"ocean_custom_logo_tablet_max_width":0,"ocean_custom_logo_mobile_max_width":0,"ocean_custom_logo_max_height":0,"ocean_custom_logo_tablet_max_height":0,"ocean_custom_logo_mobile_max_height":0,"ocean_header_custom_menu":"0","ocean_menu_typo_font_family":"0","ocean_menu_typo_font_subset":"","ocean_menu_typo_font_size":0,"ocean_menu_typo_font_size_tablet":0,"ocean_menu_typo_font_size_mobile":0,"ocean_menu_typo_font_size_unit":"px","ocean_menu_typo_font_weight":"","ocean_menu_typo_font_weight_tablet":"","ocean_menu_typo_font_weight_mobile":"","ocean_menu_typo_transform":"","ocean_menu_typo_transform_tablet":"","ocean_menu_typo_transform_mobile":"","ocean_menu_typo_line_height":0,"ocean_menu_typo_line_height_tablet":0,"ocean_menu_typo_line_height_mobile":0,"ocean_menu_typo_line_height_unit":"","ocean_menu_typo_spacing":0,"ocean_menu_typo_spacing_tablet":0,"ocean_menu_typo_spacing_mobile":0,"ocean_menu_typo_spacing_unit":"","ocean_menu_link_color":"","ocean_menu_link_color_hover":"","ocean_menu_link_color_active":"","ocean_menu_link_background":"","ocean_menu_link_hover_background":"","ocean_menu_link_active_background":"","ocean_menu_social_links_bg":"","ocean_menu_social_hover_links_bg":"","ocean_menu_social_links_color":"","ocean_menu_social_hover_links_color":"","ocean_disable_title":"default","ocean_disable_heading":"default","ocean_post_title":"","ocean_post_subheading":"","ocean_post_title_style":"","ocean_post_title_background_color":"","ocean_post_title_background":0,"ocean_post_title_bg_image_position":"","ocean_post_title_bg_image_attachment":"","ocean_post_title_bg_image_repeat":"","ocean_post_title_bg_image_size":"","ocean_post_title_height":0,"ocean_post_title_bg_overlay":0.5,"ocean_post_title_bg_overlay_color":"","ocean_disable_breadcrumbs":"default","ocean_breadcrumbs_color":"","ocean_breadcrumbs_separator_color":"","ocean_breadcrumbs_links_color":"","ocean_breadcrumbs_links_hover_color":"","ocean_display_footer_widgets":"default","ocean_display_footer_bottom":"default","ocean_custom_footer_template":"0","footnotes":""},"class_list":["post-102","page","type-page","status-publish","hentry","entry"],"_links":{"self":[{"href":"https:\/\/doll-engineering.de\/index.php?rest_route=\/wp\/v2\/pages\/102","targetHints":{"allow":["GET"]}}],"collection":[{"href":"https:\/\/doll-engineering.de\/index.php?rest_route=\/wp\/v2\/pages"}],"about":[{"href":"https:\/\/doll-engineering.de\/index.php?rest_route=\/wp\/v2\/types\/page"}],"author":[{"embeddable":true,"href":"https:\/\/doll-engineering.de\/index.php?rest_route=\/wp\/v2\/users\/1"}],"replies":[{"embeddable":true,"href":"https:\/\/doll-engineering.de\/index.php?rest_route=%2Fwp%2Fv2%2Fcomments&post=102"}],"version-history":[{"count":6,"href":"https:\/\/doll-engineering.de\/index.php?rest_route=\/wp\/v2\/pages\/102\/revisions"}],"predecessor-version":[{"id":167,"href":"https:\/\/doll-engineering.de\/index.php?rest_route=\/wp\/v2\/pages\/102\/revisions\/167"}],"wp:attachment":[{"href":"https:\/\/doll-engineering.de\/index.php?rest_route=%2Fwp%2Fv2%2Fmedia&parent=102"}],"curies":[{"name":"wp","href":"https:\/\/api.w.org\/{rel}","templated":true}]}}